{"id":47,"date":"2013-04-17T12:28:38","date_gmt":"2013-04-17T10:28:38","guid":{"rendered":"http:\/\/pvm.umh.es\/area-produccion-vegetal\/"},"modified":"2013-04-17T12:29:04","modified_gmt":"2013-04-17T10:29:04","slug":"area-produccion-vegetal","status":"publish","type":"page","link":"https:\/\/pvm.umh.es\/en\/actividad-docente\/area-produccion-vegetal\/","title":{"rendered":"<span lang=\"es\">(Espa\u00f1ol) \u00c1rea Producci\u00f3n Vegetal<\/span>"},"content":{"rendered":"","protected":false},"excerpt":{"rendered":"","protected":false},"author":220,"featured_media":0,"parent":45,"menu_order":0,"comment_status":"closed","ping_status":"open","template":"","meta":{"_links_to":"","_links_to_target":""},"_links":{"self":[{"href":"https:\/\/pvm.umh.es\/en\/wp-json\/wp\/v2\/pages\/47"}],"collection":[{"href":"https:\/\/pvm.umh.es\/en\/wp-json\/wp\/v2\/pages"}],"about":[{"href":"https:\/\/pvm.umh.es\/en\/wp-json\/wp\/v2\/types\/page"}],"author":[{"embeddable":true,"href":"https:\/\/pvm.umh.es\/en\/wp-json\/wp\/v2\/users\/220"}],"replies":[{"embeddable":true,"href":"https:\/\/pvm.umh.es\/en\/wp-json\/wp\/v2\/comments?post=47"}],"version-history":[{"count":0,"href":"https:\/\/pvm.umh.es\/en\/wp-json\/wp\/v2\/pages\/47\/revisions"}],"up":[{"embeddable":true,"href":"https:\/\/pvm.umh.es\/en\/wp-json\/wp\/v2\/pages\/45"}],"wp:attachment":[{"href":"https:\/\/pvm.umh.es\/en\/wp-json\/wp\/v2\/media?parent=47"}],"curies":[{"name":"wp","href":"https:\/\/api.w.org\/{rel}","templated":true}]}}