{"id":3,"date":"2011-09-26T09:58:29","date_gmt":"2011-09-26T09:58:29","guid":{"rendered":"http:\/\/dpvm.zeus.umh.es\/presentacion\/"},"modified":"2013-04-18T12:40:14","modified_gmt":"2013-04-18T10:40:14","slug":"presentacion","status":"publish","type":"page","link":"https:\/\/pvm.umh.es\/en\/presentacion\/","title":{"rendered":"Presentaci\u00f3n"},"content":{"rendered":"<p><\/p>\n<p><p>The Plant Science and Microbiology Department of Miguel Hern\u00e1ndez University (UMH) comprises two main units: Plant Science and Microbiology. Department faculty lecture in different Bachelor\u2019s degrees as well as in several M.Sc. and Ph.D. programs. Asimismo, participan en diferentes proyectos de investigaci\u00f3n, en contratos para actividades de apoyo tecnol\u00f3gico y en contratos de asesoramiento y asistencia t\u00e9cnica con organismos tanto p\u00fablicos como privados. In both units faculty make up several Research Teams. The Plant Science unit mainly focusses on lecturing and doing research in Plant Science, Crop Protection, Gardening and Landscape architecture, Horticulture and Pomology. Microbiology faculty are specialists in Health Sciences, Biotechnological Microbiology, Environmental Sciences, Oenology and other Food Processing industries.<\/p>\n<\/p>\n<p><\/p>","protected":false},"excerpt":{"rendered":"<p>The Plant Science and Microbiology Department of Miguel Hern\u00e1ndez University (UMH) comprises two main units: Plant Science and Microbiology. Department faculty lecture in different Bachelor\u2019s degrees as well as in several M.Sc. and Ph.D. programs. Asimismo, participan en diferentes proyectos de investigaci\u00f3n, en contratos para actividades de apoyo tecnol\u00f3gico y en contratos de asesoramiento y [&#8230;]<\/p>\n","protected":false},"author":1,"featured_media":0,"parent":0,"menu_order":0,"comment_status":"closed","ping_status":"open","template":"","meta":{"_links_to":"","_links_to_target":""},"_links":{"self":[{"href":"https:\/\/pvm.umh.es\/en\/wp-json\/wp\/v2\/pages\/3"}],"collection":[{"href":"https:\/\/pvm.umh.es\/en\/wp-json\/wp\/v2\/pages"}],"about":[{"href":"https:\/\/pvm.umh.es\/en\/wp-json\/wp\/v2\/types\/page"}],"author":[{"embeddable":true,"href":"https:\/\/pvm.umh.es\/en\/wp-json\/wp\/v2\/users\/1"}],"replies":[{"embeddable":true,"href":"https:\/\/pvm.umh.es\/en\/wp-json\/wp\/v2\/comments?post=3"}],"version-history":[{"count":0,"href":"https:\/\/pvm.umh.es\/en\/wp-json\/wp\/v2\/pages\/3\/revisions"}],"wp:attachment":[{"href":"https:\/\/pvm.umh.es\/en\/wp-json\/wp\/v2\/media?parent=3"}],"curies":[{"name":"wp","href":"https:\/\/api.w.org\/{rel}","templated":true}]}}