{"id":76,"date":"2013-04-18T10:16:55","date_gmt":"2013-04-18T08:16:55","guid":{"rendered":"http:\/\/pvm.umh.es\/gupo-de-investigacion-en-fruticultura-y-tecnicas-de-produccion\/"},"modified":"2022-03-30T10:33:22","modified_gmt":"2022-03-30T08:33:22","slug":"gupo-de-investigacion-en-fruticultura-y-tecnicas-de-produccion","status":"publish","type":"page","link":"https:\/\/pvm.umh.es\/ca\/actividad-investigadora\/grupos-de-investigacion-2\/gupo-de-investigacion-en-fruticultura-y-tecnicas-de-produccion\/","title":{"rendered":"Grup d&#8217;Investigaci\u00f3 en Fruticultura i T\u00e8cniques de Producci\u00f3"},"content":{"rendered":"<p class=\"qtranxs-available-languages-message qtranxs-available-languages-message-ca\">Ho sentim, aquesta entrada es troba disponible \u00fanicament en <a href=\"https:\/\/pvm.umh.es\/es\/wp-json\/wp\/v2\/pages\/76\" class=\"qtranxs-available-language-link qtranxs-available-language-link-es\" title=\"Espa\u00f1ol\">Espanyol Europeu<\/a> i <a href=\"https:\/\/pvm.umh.es\/en\/wp-json\/wp\/v2\/pages\/76\" class=\"qtranxs-available-language-link qtranxs-available-language-link-en\" title=\"English\">Angl\u00e8s Americ\u00e0<\/a>.<\/p>","protected":false},"excerpt":{"rendered":"<p>Ho sentim, aquesta entrada es troba disponible \u00fanicament en Espanyol Europeu i Angl\u00e8s Americ\u00e0.<\/p>\n","protected":false},"author":220,"featured_media":0,"parent":62,"menu_order":0,"comment_status":"closed","ping_status":"open","template":"","meta":{"_links_to":"","_links_to_target":""},"_links":{"self":[{"href":"https:\/\/pvm.umh.es\/ca\/wp-json\/wp\/v2\/pages\/76"}],"collection":[{"href":"https:\/\/pvm.umh.es\/ca\/wp-json\/wp\/v2\/pages"}],"about":[{"href":"https:\/\/pvm.umh.es\/ca\/wp-json\/wp\/v2\/types\/page"}],"author":[{"embeddable":true,"href":"https:\/\/pvm.umh.es\/ca\/wp-json\/wp\/v2\/users\/220"}],"replies":[{"embeddable":true,"href":"https:\/\/pvm.umh.es\/ca\/wp-json\/wp\/v2\/comments?post=76"}],"version-history":[{"count":0,"href":"https:\/\/pvm.umh.es\/ca\/wp-json\/wp\/v2\/pages\/76\/revisions"}],"up":[{"embeddable":true,"href":"https:\/\/pvm.umh.es\/ca\/wp-json\/wp\/v2\/pages\/62"}],"wp:attachment":[{"href":"https:\/\/pvm.umh.es\/ca\/wp-json\/wp\/v2\/media?parent=76"}],"curies":[{"name":"wp","href":"https:\/\/api.w.org\/{rel}","templated":true}]}}